{"id":13692,"date":"2026-04-14T05:53:37","date_gmt":"2026-04-14T05:53:37","guid":{"rendered":"https:\/\/uniqueshopping.shop\/?post_type=product&#038;p=13692"},"modified":"2026-04-14T06:02:47","modified_gmt":"2026-04-14T06:02:47","slug":"silla-de-oficina-para-gaming-escritorio-ergonmica-con-reposacabezas-ajustable-y-con-soporte-lumbar-respaldo-de-malla-transpirable-reposabrazos-abatibles-de-90-giratoria-360-sf168-002","status":"publish","type":"product","link":"https:\/\/uniqueshopping.shop\/es\/producto\/silla-de-oficina-para-gaming-escritorio-ergonmica-con-reposacabezas-ajustable-y-con-soporte-lumbar-respaldo-de-malla-transpirable-reposabrazos-abatibles-de-90-giratoria-360-sf168-002\/","title":{"rendered":"Silla de Oficina, para Gaming, Escritorio Ergonmica con Reposacabezas, Ajustable y con Soporte Lumbar Respaldo de Malla Transpirable Reposabrazos Abatibles de 90 Giratoria 360 (SF168-002)"},"content":{"rendered":"<div data-elementor-type=\"product-post\" data-elementor-id=\"13692\" class=\"elementor elementor-13692\" data-elementor-post-type=\"product\">\n\t\t\t\t<div class=\"elementor-element elementor-element-25802cdc e-flex e-con-boxed e-con e-parent\" data-id=\"25802cdc\" data-element_type=\"container\" data-settings=\"{&quot;ekit_has_onepagescroll_dot&quot;:&quot;yes&quot;}\">\n\t\t\t\t\t<div class=\"e-con-inner\">\n\t\t<div class=\"elementor-element elementor-element-319ed1b6 e-grid e-con-full e-con e-child\" data-id=\"319ed1b6\" data-element_type=\"container\" data-settings=\"{&quot;ekit_has_onepagescroll_dot&quot;:&quot;yes&quot;}\">\n\t\t\t\t<div class=\"elementor-element elementor-element-6d3e3dc2 elementor-widget elementor-widget-video\" data-id=\"6d3e3dc2\" data-element_type=\"widget\" data-settings=\"{&quot;video_type&quot;:&quot;hosted&quot;,&quot;controls&quot;:&quot;yes&quot;,&quot;ekit_we_effect_on&quot;:&quot;none&quot;}\" data-widget_type=\"video.default\">\n\t\t\t\t<div class=\"elementor-widget-container\">\n\t\t\t\t\t\t\t<div class=\"e-hosted-video elementor-wrapper elementor-open-inline\">\n\t\t\t\t\t<video class=\"elementor-video\" src=\"https:\/\/uniqueshopping.shop\/wp-content\/uploads\/2026\/04\/video_2026-04-08_16-05-04.mp4\" controls=\"\" preload=\"metadata\" controlslist=\"nodownload\"><\/video>\n\t\t\t\t<\/div>\n\t\t\t\t\t\t<\/div>\n\t\t\t\t<\/div>\n\t\t\t\t<div class=\"elementor-element elementor-element-775e8256 elementor-widget elementor-widget-text-editor\" data-id=\"775e8256\" data-element_type=\"widget\" data-settings=\"{&quot;ekit_we_effect_on&quot;:&quot;none&quot;}\" data-widget_type=\"text-editor.default\">\n\t\t\t\t<div class=\"elementor-widget-container\">\n\t\t\t\t\t\t\t\t\t<div class=\"elementor-widget-container\">\n\t\t\t\t\t\t\t\t\t# Item details\n\n<div class=\"product-table\">\n  <div class=\"product-row\">\n    <div class=\"product-label\"><strong>Recommended Uses For Product<\/strong><\/div>\n    <div class=\"product-value\"><strong>Office, Reading, Relaxing<\/strong><\/div>\n  <\/div>\n  <div class=\"product-row\">\n    <div class=\"product-label\"><strong>Room Type<\/strong><\/div>\n    <div class=\"product-value\"><strong>Bedroom, Office, Study Room<\/strong><\/div>\n  <\/div>\n  <div class=\"product-row\">\n    <div class=\"product-label\"><strong>Age Range Description<\/strong><\/div>\n    <div class=\"product-value\"><strong>Adult<\/strong><\/div>\n  <\/div>\n  <div class=\"product-row\">\n    <div class=\"product-label\"><strong>Componentes incluidos<\/strong><\/div>\n    <div class=\"product-value\"><strong>1 x Instructions, 1 x Office Chair<\/strong><\/div>\n  <\/div>\n  <div class=\"product-row\">\n    <div class=\"product-label\"><strong>Surface Recommendation<\/strong><\/div>\n    <div class=\"product-value\"><strong>Hard Floor<\/strong><\/div>\n  <\/div>\n  <div class=\"product-row\">\n    <div class=\"product-label\"><strong>Indoor Outdoor Usage<\/strong><\/div>\n    <div class=\"product-value\"><strong>Indoor<\/strong><\/div>\n  <\/div>\n  <div class=\"product-row\">\n    <div class=\"product-label\"><strong>Unit Count<\/strong><\/div>\n    <div class=\"product-value\"><strong>1.0 Count<\/strong><\/div>\n  <\/div>\n<\/div>\n\n<style>\n.product-table {\n  width: 100%;\n  border-top: 1px solid #000;\n  font-family: Arial, sans-serif;\n}\n\n.product-row {\n  display: flex;\n  border-bottom: 1px solid #000;\n  padding: 12px 0;\n}\n\n.product-label {\n  flex: 1;\n  font-weight: bold;\n  min-width: 200px;\n  padding-right: 20px;\n}\n\n.product-value {\n  flex: 1;\n  min-width: 200px;\n}\n<\/style>\n<\/div>\t\t\t\t\t\t\t\t<\/div>\n\t\t\t\t<\/div>\n\t\t\t\t<\/div>\n\t\t\t\t\t<\/div>\n\t\t\t\t<\/div>\n\t\t<div class=\"elementor-element elementor-element-578f072a e-flex e-con-boxed e-con e-parent\" data-id=\"578f072a\" data-element_type=\"container\" data-settings=\"{&quot;ekit_has_onepagescroll_dot&quot;:&quot;yes&quot;}\">\n\t\t\t\t\t<div class=\"e-con-inner\">\n\t\t\t\t<div class=\"elementor-element elementor-element-11600aae elementor--h-position-center elementor--v-position-middle elementor-arrows-position-inside elementor-pagination-position-inside elementor-widget elementor-widget-slides\" data-id=\"11600aae\" data-element_type=\"widget\" data-settings=\"{&quot;navigation&quot;:&quot;both&quot;,&quot;autoplay&quot;:&quot;yes&quot;,&quot;pause_on_hover&quot;:&quot;yes&quot;,&quot;pause_on_interaction&quot;:&quot;yes&quot;,&quot;autoplay_speed&quot;:5000,&quot;infinite&quot;:&quot;yes&quot;,&quot;transition&quot;:&quot;slide&quot;,&quot;transition_speed&quot;:500,&quot;ekit_we_effect_on&quot;:&quot;none&quot;}\" data-widget_type=\"slides.default\">\n\t\t\t\t<div class=\"elementor-widget-container\">\n\t\t\t\t\t\t\t\t\t<div class=\"elementor-swiper\">\r\n\t\t\t\t\t<div class=\"elementor-slides-wrapper elementor-main-swiper swiper\" role=\"region\" aria-roledescription=\"carousel\" aria-label=\"Diapositivas\" dir=\"ltr\" data-animation=\"fadeInUp\">\r\n\t\t\t\t<div class=\"swiper-wrapper elementor-slides\">\r\n\t\t\t\t\t\t\t\t\t\t<div class=\"elementor-repeater-item-55fc6ec swiper-slide\" role=\"group\" aria-roledescription=\"slide\"><div class=\"swiper-slide-bg\" role=\"img\" aria-label=\"88cda1b5-c5f0-4b1f-9b91-f0e79683ad63.__CR001464600_PT0_SX1464_V1___.jpg\"><\/div><div class=\"swiper-slide-inner\" ><div class=\"swiper-slide-contents\"><div class=\"elementor-slide-heading\">Multiple Using Scene<\/div><\/div><\/div><\/div><div class=\"elementor-repeater-item-2bc3ed2 swiper-slide\" role=\"group\" aria-roledescription=\"slide\"><div class=\"swiper-slide-bg\" role=\"img\" aria-label=\"fbe547dd-d2b7-4dd1-84c2-e966c7a32677.__CR0029281200_PT0_SX1464_V1___.jpg\"><\/div><div class=\"swiper-slide-inner\" ><div class=\"swiper-slide-contents\"><div class=\"elementor-slide-heading\">Gaming Room<\/div><\/div><\/div><\/div><div class=\"elementor-repeater-item-79ac600 swiper-slide\" role=\"group\" aria-roledescription=\"slide\"><div class=\"swiper-slide-bg\" role=\"img\" aria-label=\"d5ad7ceb-8c6a-4ca0-bd67-c365b38af9ff.__CR0029281200_PT0_SX1464_V1___.jpg\"><\/div><div class=\"swiper-slide-inner\" ><div class=\"swiper-slide-contents\"><div class=\"elementor-slide-heading\">Study Room<\/div><\/div><\/div><\/div><div class=\"elementor-repeater-item-dfdfff1 swiper-slide\" role=\"group\" aria-roledescription=\"slide\"><div class=\"swiper-slide-bg\" role=\"img\" aria-label=\"486e7f0d-13a7-46bb-8070-f87e76c29d86.__CR0029281200_PT0_SX1464_V1___.jpg\"><\/div><div class=\"swiper-slide-inner\" ><div class=\"swiper-slide-contents\"><div class=\"elementor-slide-heading\">Meeting Room<\/div><\/div><\/div><\/div>\t\t\t\t<\/div>\r\n\t\t\t\t\t\t\t\t\t\t\t\t\t\t\t<div class=\"elementor-swiper-button elementor-swiper-button-prev\" role=\"button\" tabindex=\"0\" aria-label=\"Diapositiva anterior\" data-no-translation-aria-label=\"\">\r\n\t\t\t\t\t\t\t<svg aria-hidden=\"true\" class=\"e-font-icon-svg e-eicon-chevron-left\" viewbox=\"0 0 1000 1000\" xmlns=\"http:\/\/www.w3.org\/2000\/svg\"><path d=\"M646 125C629 125 613 133 604 142L308 442C296 454 292 471 292 487 292 504 296 521 308 533L604 854C617 867 629 875 646 875 663 875 679 871 692 858 704 846 713 829 713 812 713 796 708 779 692 767L438 487 692 225C700 217 708 204 708 187 708 171 704 154 692 142 675 129 663 125 646 125Z\"><\/path><\/svg>\t\t\t\t\t\t<\/div>\r\n\t\t\t\t\t\t<div class=\"elementor-swiper-button elementor-swiper-button-next\" role=\"button\" tabindex=\"0\" aria-label=\"Siguiente diapositiva\" data-no-translation-aria-label=\"\">\r\n\t\t\t\t\t\t\t<svg aria-hidden=\"true\" class=\"e-font-icon-svg e-eicon-chevron-right\" viewbox=\"0 0 1000 1000\" xmlns=\"http:\/\/www.w3.org\/2000\/svg\"><path d=\"M696 533C708 521 713 504 713 487 713 471 708 454 696 446L400 146C388 133 375 125 354 125 338 125 325 129 313 142 300 154 292 171 292 187 292 204 296 221 308 233L563 492 304 771C292 783 288 800 288 817 288 833 296 850 308 863 321 871 338 875 354 875 371 875 388 867 400 854L696 533Z\"><\/path><\/svg>\t\t\t\t\t\t<\/div>\r\n\t\t\t\t\t\t\t\t\t\t\t\t\t\t\t\t<div class=\"swiper-pagination\"><\/div>\r\n\t\t\t\t\t\t\t\t\t\t\t\t<\/div>\r\n\t\t\t\t<\/div>\r\n\t\t\t\t\t\t\t\t<\/div>\n\t\t\t\t<\/div>\n\t\t\t\t<div class=\"elementor-element elementor-element-37196b2a elementor--h-position-center elementor--v-position-middle elementor-arrows-position-inside elementor-pagination-position-inside elementor-widget elementor-widget-slides\" data-id=\"37196b2a\" data-element_type=\"widget\" data-settings=\"{&quot;navigation&quot;:&quot;both&quot;,&quot;autoplay&quot;:&quot;yes&quot;,&quot;pause_on_hover&quot;:&quot;yes&quot;,&quot;pause_on_interaction&quot;:&quot;yes&quot;,&quot;autoplay_speed&quot;:5000,&quot;infinite&quot;:&quot;yes&quot;,&quot;transition&quot;:&quot;slide&quot;,&quot;transition_speed&quot;:500,&quot;ekit_we_effect_on&quot;:&quot;none&quot;}\" data-widget_type=\"slides.default\">\n\t\t\t\t<div class=\"elementor-widget-container\">\n\t\t\t\t\t\t\t\t\t<div class=\"elementor-swiper\">\r\n\t\t\t\t\t<div class=\"elementor-slides-wrapper elementor-main-swiper swiper\" role=\"region\" aria-roledescription=\"carousel\" aria-label=\"Diapositivas\" dir=\"ltr\" data-animation=\"fadeInUp\">\r\n\t\t\t\t<div class=\"swiper-wrapper elementor-slides\">\r\n\t\t\t\t\t\t\t\t\t\t<div class=\"elementor-repeater-item-8faffde swiper-slide\" role=\"group\" aria-roledescription=\"slide\"><div class=\"swiper-slide-bg\" role=\"img\" aria-label=\"1-8.jpg\"><\/div><div class=\"swiper-slide-inner\" ><div class=\"swiper-slide-contents\"><\/div><\/div><\/div><div class=\"elementor-repeater-item-caddde8 swiper-slide\" role=\"group\" aria-roledescription=\"slide\"><div class=\"swiper-slide-bg\" role=\"img\" aria-label=\"2-2.jpg\"><\/div><div class=\"swiper-slide-inner\" ><div class=\"swiper-slide-contents\"><\/div><\/div><\/div>\t\t\t\t<\/div>\r\n\t\t\t\t\t\t\t\t\t\t\t\t\t\t\t<div class=\"elementor-swiper-button elementor-swiper-button-prev\" role=\"button\" tabindex=\"0\" aria-label=\"Diapositiva anterior\" data-no-translation-aria-label=\"\">\r\n\t\t\t\t\t\t\t<svg aria-hidden=\"true\" class=\"e-font-icon-svg e-eicon-chevron-left\" viewbox=\"0 0 1000 1000\" xmlns=\"http:\/\/www.w3.org\/2000\/svg\"><path d=\"M646 125C629 125 613 133 604 142L308 442C296 454 292 471 292 487 292 504 296 521 308 533L604 854C617 867 629 875 646 875 663 875 679 871 692 858 704 846 713 829 713 812 713 796 708 779 692 767L438 487 692 225C700 217 708 204 708 187 708 171 704 154 692 142 675 129 663 125 646 125Z\"><\/path><\/svg>\t\t\t\t\t\t<\/div>\r\n\t\t\t\t\t\t<div class=\"elementor-swiper-button elementor-swiper-button-next\" role=\"button\" tabindex=\"0\" aria-label=\"Siguiente diapositiva\" data-no-translation-aria-label=\"\">\r\n\t\t\t\t\t\t\t<svg aria-hidden=\"true\" class=\"e-font-icon-svg e-eicon-chevron-right\" viewbox=\"0 0 1000 1000\" xmlns=\"http:\/\/www.w3.org\/2000\/svg\"><path d=\"M696 533C708 521 713 504 713 487 713 471 708 454 696 446L400 146C388 133 375 125 354 125 338 125 325 129 313 142 300 154 292 171 292 187 292 204 296 221 308 233L563 492 304 771C292 783 288 800 288 817 288 833 296 850 308 863 321 871 338 875 354 875 371 875 388 867 400 854L696 533Z\"><\/path><\/svg>\t\t\t\t\t\t<\/div>\r\n\t\t\t\t\t\t\t\t\t\t\t\t\t\t\t\t<div class=\"swiper-pagination\"><\/div>\r\n\t\t\t\t\t\t\t\t\t\t\t\t<\/div>\r\n\t\t\t\t<\/div>\r\n\t\t\t\t\t\t\t\t<\/div>\n\t\t\t\t<\/div>\n\t\t\t\t\t<\/div>\n\t\t\t\t<\/div>\n\t\t<div class=\"elementor-element elementor-element-c7d4c05 e-flex e-con-boxed e-con e-parent\" data-id=\"c7d4c05\" data-element_type=\"container\" data-settings=\"{&quot;ekit_has_onepagescroll_dot&quot;:&quot;yes&quot;}\">\n\t\t\t\t\t<div class=\"e-con-inner\">\n\t\t\t\t<div class=\"elementor-element elementor-element-541b08a7 elementor-widget elementor-widget-image\" data-id=\"541b08a7\" data-element_type=\"widget\" data-settings=\"{&quot;ekit_we_effect_on&quot;:&quot;none&quot;}\" data-widget_type=\"image.default\">\n\t\t\t\t<div class=\"elementor-widget-container\">\n\t\t\t\t\t\t\t\t\t\t\t\t\t\t\t<img loading=\"lazy\" decoding=\"async\" width=\"1464\" height=\"600\" src=\"https:\/\/uniqueshopping.shop\/wp-content\/uploads\/2026\/04\/3.jpg\" class=\"attachment-full size-full wp-image-13713 wvs-archive-product-image\" alt=\"\" srcset=\"https:\/\/uniqueshopping.shop\/wp-content\/uploads\/2026\/04\/3.jpg 1464w, https:\/\/uniqueshopping.shop\/wp-content\/uploads\/2026\/04\/3-300x123.jpg 300w, https:\/\/uniqueshopping.shop\/wp-content\/uploads\/2026\/04\/3-1024x420.jpg 1024w, https:\/\/uniqueshopping.shop\/wp-content\/uploads\/2026\/04\/3-768x315.jpg 768w, https:\/\/uniqueshopping.shop\/wp-content\/uploads\/2026\/04\/3-18x7.jpg 18w, https:\/\/uniqueshopping.shop\/wp-content\/uploads\/2026\/04\/3-600x246.jpg 600w, https:\/\/uniqueshopping.shop\/wp-content\/uploads\/2026\/04\/3-1x1.jpg 1w, https:\/\/uniqueshopping.shop\/wp-content\/uploads\/2026\/04\/3-10x4.jpg 10w\" sizes=\"auto, (max-width: 1464px) 100vw, 1464px\" \/>\t\t\t\t\t\t\t\t\t\t\t\t\t\t\t<\/div>\n\t\t\t\t<\/div>\n\t\t\t\t<div class=\"elementor-element elementor-element-84991c8 elementor-widget elementor-widget-heading\" data-id=\"84991c8\" data-element_type=\"widget\" data-settings=\"{&quot;ekit_we_effect_on&quot;:&quot;none&quot;}\" data-widget_type=\"heading.default\">\n\t\t\t\t<div class=\"elementor-widget-container\">\n\t\t\t\t\t<h2 class=\"elementor-heading-title elementor-size-default\">Asiento de espuma de alta densidad<\/h2>\t\t\t\t<\/div>\n\t\t\t\t<\/div>\n\t\t\t\t<div class=\"elementor-element elementor-element-5dd8d21f elementor-widget elementor-widget-text-editor\" data-id=\"5dd8d21f\" data-element_type=\"widget\" data-settings=\"{&quot;ekit_we_effect_on&quot;:&quot;none&quot;}\" data-widget_type=\"text-editor.default\">\n\t\t\t\t<div class=\"elementor-widget-container\">\n\t\t\t\t\t\t\t\t\t<p>El coj\u00edn del asiento est\u00e1 fabricado con\u00a0<strong>espuma de alta densidad y recuperaci\u00f3n lenta<\/strong>, que se adapta a la forma del cuerpo sin hundirse. Ofrece una distribuci\u00f3n uniforme del peso y evita la sensaci\u00f3n de entumecimiento en piernas y gl\u00fateos.<\/p>\t\t\t\t\t\t\t\t<\/div>\n\t\t\t\t<\/div>\n\t\t\t\t<div class=\"elementor-element elementor-element-eaad101 elementor-widget elementor-widget-image\" data-id=\"eaad101\" data-element_type=\"widget\" data-settings=\"{&quot;ekit_we_effect_on&quot;:&quot;none&quot;}\" data-widget_type=\"image.default\">\n\t\t\t\t<div class=\"elementor-widget-container\">\n\t\t\t\t\t\t\t\t\t\t\t\t\t\t\t<img loading=\"lazy\" decoding=\"async\" width=\"1464\" height=\"600\" src=\"https:\/\/uniqueshopping.shop\/wp-content\/uploads\/2026\/04\/4.jpg\" class=\"attachment-full size-full wp-image-13714 wvs-archive-product-image\" alt=\"\" srcset=\"https:\/\/uniqueshopping.shop\/wp-content\/uploads\/2026\/04\/4.jpg 1464w, https:\/\/uniqueshopping.shop\/wp-content\/uploads\/2026\/04\/4-300x123.jpg 300w, https:\/\/uniqueshopping.shop\/wp-content\/uploads\/2026\/04\/4-1024x420.jpg 1024w, https:\/\/uniqueshopping.shop\/wp-content\/uploads\/2026\/04\/4-768x315.jpg 768w, https:\/\/uniqueshopping.shop\/wp-content\/uploads\/2026\/04\/4-18x7.jpg 18w, https:\/\/uniqueshopping.shop\/wp-content\/uploads\/2026\/04\/4-600x246.jpg 600w, https:\/\/uniqueshopping.shop\/wp-content\/uploads\/2026\/04\/4-1x1.jpg 1w, https:\/\/uniqueshopping.shop\/wp-content\/uploads\/2026\/04\/4-10x4.jpg 10w\" sizes=\"auto, (max-width: 1464px) 100vw, 1464px\" \/>\t\t\t\t\t\t\t\t\t\t\t\t\t\t\t<\/div>\n\t\t\t\t<\/div>\n\t\t\t\t<div class=\"elementor-element elementor-element-75315005 elementor-widget elementor-widget-heading\" data-id=\"75315005\" data-element_type=\"widget\" data-settings=\"{&quot;ekit_we_effect_on&quot;:&quot;none&quot;}\" data-widget_type=\"heading.default\">\n\t\t\t\t<div class=\"elementor-widget-container\">\n\t\t\t\t\t<h2 class=\"elementor-heading-title elementor-size-default\">Vers\u00e1til para oficina, home office o estudio<\/h2>\t\t\t\t<\/div>\n\t\t\t\t<\/div>\n\t\t\t\t<div class=\"elementor-element elementor-element-45ce1172 elementor-widget elementor-widget-text-editor\" data-id=\"45ce1172\" data-element_type=\"widget\" data-settings=\"{&quot;ekit_we_effect_on&quot;:&quot;none&quot;}\" data-widget_type=\"text-editor.default\">\n\t\t\t\t<div class=\"elementor-widget-container\">\n\t\t\t\t\t\t\t\t\t<p>Perfecta para\u00a0<strong>trabajo profesional, teletrabajo, sala de juntas, recepci\u00f3n o estudio de estudiantes<\/strong>. Su estilo moderno y profesional combina con cualquier decoraci\u00f3n de oficina o hogar.<\/p>\t\t\t\t\t\t\t\t<\/div>\n\t\t\t\t<\/div>\n\t\t\t\t<div class=\"elementor-element elementor-element-21bfbdbc elementor-widget elementor-widget-image\" data-id=\"21bfbdbc\" data-element_type=\"widget\" data-settings=\"{&quot;ekit_we_effect_on&quot;:&quot;none&quot;}\" data-widget_type=\"image.default\">\n\t\t\t\t<div class=\"elementor-widget-container\">\n\t\t\t\t\t\t\t\t\t\t\t\t\t\t\t<img loading=\"lazy\" decoding=\"async\" width=\"1464\" height=\"600\" src=\"https:\/\/uniqueshopping.shop\/wp-content\/uploads\/2026\/04\/5.jpg\" class=\"attachment-full size-full wp-image-13715 wvs-archive-product-image\" alt=\"\" srcset=\"https:\/\/uniqueshopping.shop\/wp-content\/uploads\/2026\/04\/5.jpg 1464w, https:\/\/uniqueshopping.shop\/wp-content\/uploads\/2026\/04\/5-300x123.jpg 300w, https:\/\/uniqueshopping.shop\/wp-content\/uploads\/2026\/04\/5-1024x420.jpg 1024w, https:\/\/uniqueshopping.shop\/wp-content\/uploads\/2026\/04\/5-768x315.jpg 768w, https:\/\/uniqueshopping.shop\/wp-content\/uploads\/2026\/04\/5-18x7.jpg 18w, https:\/\/uniqueshopping.shop\/wp-content\/uploads\/2026\/04\/5-600x246.jpg 600w, https:\/\/uniqueshopping.shop\/wp-content\/uploads\/2026\/04\/5-1x1.jpg 1w, https:\/\/uniqueshopping.shop\/wp-content\/uploads\/2026\/04\/5-10x4.jpg 10w\" sizes=\"auto, (max-width: 1464px) 100vw, 1464px\" \/>\t\t\t\t\t\t\t\t\t\t\t\t\t\t\t<\/div>\n\t\t\t\t<\/div>\n\t\t\t\t<div class=\"elementor-element elementor-element-61525a2a elementor-widget elementor-widget-heading\" data-id=\"61525a2a\" data-element_type=\"widget\" data-settings=\"{&quot;ekit_we_effect_on&quot;:&quot;none&quot;}\" data-widget_type=\"heading.default\">\n\t\t\t\t<div class=\"elementor-widget-container\">\n\t\t\t\t\t<h2 class=\"elementor-heading-title elementor-size-default\">Montaje sencillo en 15 minutos<\/h2>\t\t\t\t<\/div>\n\t\t\t\t<\/div>\n\t\t\t\t<div class=\"elementor-element elementor-element-1a65bc78 elementor-widget elementor-widget-text-editor\" data-id=\"1a65bc78\" data-element_type=\"widget\" data-settings=\"{&quot;ekit_we_effect_on&quot;:&quot;none&quot;}\" data-widget_type=\"text-editor.default\">\n\t\t\t\t<div class=\"elementor-widget-container\">\n\t\t\t\t\t\t\t\t\t<p>La silla se entrega con herramientas, tornillos e instrucciones claras. El sistema de montaje por encaje reduce el uso de herramientas complejas. Cualquier persona puede montarla en casa en aproximadamente 15 minutos.<\/p>\t\t\t\t\t\t\t\t<\/div>\n\t\t\t\t<\/div>\n\t\t\t\t<div class=\"elementor-element elementor-element-433ad9a8 elementor-widget elementor-widget-image\" data-id=\"433ad9a8\" data-element_type=\"widget\" data-settings=\"{&quot;ekit_we_effect_on&quot;:&quot;none&quot;}\" data-widget_type=\"image.default\">\n\t\t\t\t<div class=\"elementor-widget-container\">\n\t\t\t\t\t\t\t\t\t\t\t\t\t\t\t<img loading=\"lazy\" decoding=\"async\" width=\"1464\" height=\"600\" src=\"https:\/\/uniqueshopping.shop\/wp-content\/uploads\/2026\/04\/ccdcfa03-15b1-4474-a8c9-ea15326b40f4.__CR0029281200_PT0_SX1464_V1___.jpg\" class=\"attachment-full size-full wp-image-13716 wvs-archive-product-image\" alt=\"\" srcset=\"https:\/\/uniqueshopping.shop\/wp-content\/uploads\/2026\/04\/ccdcfa03-15b1-4474-a8c9-ea15326b40f4.__CR0029281200_PT0_SX1464_V1___.jpg 1464w, https:\/\/uniqueshopping.shop\/wp-content\/uploads\/2026\/04\/ccdcfa03-15b1-4474-a8c9-ea15326b40f4.__CR0029281200_PT0_SX1464_V1___-300x123.jpg 300w, https:\/\/uniqueshopping.shop\/wp-content\/uploads\/2026\/04\/ccdcfa03-15b1-4474-a8c9-ea15326b40f4.__CR0029281200_PT0_SX1464_V1___-1024x420.jpg 1024w, https:\/\/uniqueshopping.shop\/wp-content\/uploads\/2026\/04\/ccdcfa03-15b1-4474-a8c9-ea15326b40f4.__CR0029281200_PT0_SX1464_V1___-768x315.jpg 768w, https:\/\/uniqueshopping.shop\/wp-content\/uploads\/2026\/04\/ccdcfa03-15b1-4474-a8c9-ea15326b40f4.__CR0029281200_PT0_SX1464_V1___-18x7.jpg 18w, https:\/\/uniqueshopping.shop\/wp-content\/uploads\/2026\/04\/ccdcfa03-15b1-4474-a8c9-ea15326b40f4.__CR0029281200_PT0_SX1464_V1___-600x246.jpg 600w, https:\/\/uniqueshopping.shop\/wp-content\/uploads\/2026\/04\/ccdcfa03-15b1-4474-a8c9-ea15326b40f4.__CR0029281200_PT0_SX1464_V1___-1x1.jpg 1w, https:\/\/uniqueshopping.shop\/wp-content\/uploads\/2026\/04\/ccdcfa03-15b1-4474-a8c9-ea15326b40f4.__CR0029281200_PT0_SX1464_V1___-10x4.jpg 10w\" sizes=\"auto, (max-width: 1464px) 100vw, 1464px\" \/>\t\t\t\t\t\t\t\t\t\t\t\t\t\t\t<\/div>\n\t\t\t\t<\/div>\n\t\t\t\t\t<\/div>\n\t\t\t\t<\/div>\n\t\t\t\t<\/div>","protected":false},"excerpt":{"rendered":"<h1 class=\"a-size-base-plus a-text-bold\">About this item<\/h1>\n<ul class=\"a-unordered-list a-vertical a-spacing-mini\">\n<li class=\"a-spacing-mini\"><span class=\"a-list-item\">\u3010Cushioned Seat &amp; Mesh Back\u3011This office chair is designed to bring the combined benefits of a foam padded seat and a mesh backrest. Extra-wide cushioned seat is elastic and not easy to deform, offering optimal support for a long period of sitting. Plus, the high backrest wrapped with breathable mesh provides you with a cooler sitting experience and full back support.<\/span><\/li>\n<li class=\"a-spacing-mini\"><span class=\"a-list-item\">\u3010Foldable Armrest Design\u3011This ergonomic chair is designed to save space by allowing you to store it under the desk when not in use. Its adjustable arms ensure that it can fit any desk with varying heights. Foam-padded armrests offer exceptional comfort for your forearms and hands.<\/span><\/li>\n<\/ul>","protected":false},"featured_media":13695,"comment_status":"open","ping_status":"closed","template":"","meta":{"_acf_changed":false},"etheme_brands":[],"product_brand":[],"product_cat":[118],"product_tag":[],"class_list":{"0":"post-13692","1":"product","2":"type-product","3":"status-publish","4":"has-post-thumbnail","6":"product_cat-sale-shop","8":"first","9":"instock","10":"sale","11":"shipping-taxable","12":"purchasable","13":"product-type-variable","14":"has-default-attributes","15":"wvs-archive-product-wrapper"},"acf":[],"_links":{"self":[{"href":"https:\/\/uniqueshopping.shop\/es\/wp-json\/wp\/v2\/product\/13692","targetHints":{"allow":["GET"]}}],"collection":[{"href":"https:\/\/uniqueshopping.shop\/es\/wp-json\/wp\/v2\/product"}],"about":[{"href":"https:\/\/uniqueshopping.shop\/es\/wp-json\/wp\/v2\/types\/product"}],"replies":[{"embeddable":true,"href":"https:\/\/uniqueshopping.shop\/es\/wp-json\/wp\/v2\/comments?post=13692"}],"version-history":[{"count":4,"href":"https:\/\/uniqueshopping.shop\/es\/wp-json\/wp\/v2\/product\/13692\/revisions"}],"predecessor-version":[{"id":13724,"href":"https:\/\/uniqueshopping.shop\/es\/wp-json\/wp\/v2\/product\/13692\/revisions\/13724"}],"wp:featuredmedia":[{"embeddable":true,"href":"https:\/\/uniqueshopping.shop\/es\/wp-json\/wp\/v2\/media\/13695"}],"wp:attachment":[{"href":"https:\/\/uniqueshopping.shop\/es\/wp-json\/wp\/v2\/media?parent=13692"}],"wp:term":[{"taxonomy":"brand","embeddable":true,"href":"https:\/\/uniqueshopping.shop\/es\/wp-json\/wp\/v2\/etheme_brands?post=13692"},{"taxonomy":"product_brand","embeddable":true,"href":"https:\/\/uniqueshopping.shop\/es\/wp-json\/wp\/v2\/product_brand?post=13692"},{"taxonomy":"product_cat","embeddable":true,"href":"https:\/\/uniqueshopping.shop\/es\/wp-json\/wp\/v2\/product_cat?post=13692"},{"taxonomy":"product_tag","embeddable":true,"href":"https:\/\/uniqueshopping.shop\/es\/wp-json\/wp\/v2\/product_tag?post=13692"}],"curies":[{"name":"wp","href":"https:\/\/api.w.org\/{rel}","templated":true}]}}